{"id":3135,"date":"2025-03-04T15:28:48","date_gmt":"2025-03-04T14:28:48","guid":{"rendered":"https:\/\/gisaqua.werbedrogerie.at\/?page_id=3135"},"modified":"2025-08-26T10:12:21","modified_gmt":"2025-08-26T08:12:21","slug":"impressum","status":"publish","type":"page","link":"https:\/\/www.gisaqua.com\/en\/impressum\/","title":{"rendered":"Imprint"},"content":{"rendered":"<div data-elementor-type=\"wp-page\" data-elementor-id=\"3135\" class=\"elementor elementor-3135\" data-elementor-post-type=\"page\">\n\t\t\t\t<div class=\"elementor-element elementor-element-7fef024 e-flex e-con-boxed e-con e-parent\" data-id=\"7fef024\" data-element_type=\"container\" data-e-type=\"container\">\n\t\t\t\t\t<div class=\"e-con-inner\">\n\t\t\t\t<div class=\"elementor-element elementor-element-5558f93 elementor-absolute elementor-widget elementor-widget-image\" data-id=\"5558f93\" data-element_type=\"widget\" data-e-type=\"widget\" data-settings=\"{&quot;_position&quot;:&quot;absolute&quot;}\" data-widget_type=\"image.default\">\n\t\t\t\t<div class=\"elementor-widget-container\">\n\t\t\t\t\t\t\t\t\t\t\t\t\t\t\t<img fetchpriority=\"high\" decoding=\"async\" width=\"339\" height=\"338\" src=\"https:\/\/www.gisaqua.com\/wp-content\/uploads\/2024\/04\/Element-6.svg\" class=\"attachment-large size-large wp-image-198\" alt=\"\" \/>\t\t\t\t\t\t\t\t\t\t\t\t\t\t\t<\/div>\n\t\t\t\t<\/div>\n\t\t<div class=\"elementor-element elementor-element-e2511c0 e-con-full e-flex e-con e-child\" data-id=\"e2511c0\" data-element_type=\"container\" data-e-type=\"container\">\n\t\t<div class=\"elementor-element elementor-element-4481f7e e-con-full e-flex e-con e-child\" data-id=\"4481f7e\" data-element_type=\"container\" data-e-type=\"container\">\n\t\t\t\t<div class=\"elementor-element elementor-element-b70f5b0 elementor-widget__width-initial elementor-widget elementor-widget-heading\" data-id=\"b70f5b0\" data-element_type=\"widget\" data-e-type=\"widget\" data-widget_type=\"heading.default\">\n\t\t\t\t<div class=\"elementor-widget-container\">\n\t\t\t\t\t<h2 class=\"elementor-heading-title elementor-size-default\">Imprint<\/h2>\t\t\t\t<\/div>\n\t\t\t\t<\/div>\n\t\t\t\t<\/div>\n\t\t<div class=\"elementor-element elementor-element-4a959cc e-con-full e-flex e-con e-child\" data-id=\"4a959cc\" data-element_type=\"container\" data-e-type=\"container\">\n\t\t\t\t<div class=\"elementor-element elementor-element-fc79556 elementor-widget elementor-widget-text-editor\" data-id=\"fc79556\" data-element_type=\"widget\" data-e-type=\"widget\" data-widget_type=\"text-editor.default\">\n\t\t\t\t<div class=\"elementor-widget-container\">\n\t\t\t\t\t\t\t\t\t<p>Die vorliegende Website ist ein Online-Angebot im Internet. Unter dieser Web-Adresse und allf\u00e4lliger Subdomains werden umfangreiche Informations- und Onlinedienste zu Produkten und Leistungen unseres Unternehmens bereitgestellt.\u00a0<\/p><p><strong>GIS Aqua Austria GmbH<\/strong><br \/>Clemens-Holzmeister-Stra\u00dfe 3<br \/>A-3300 Amstetten<\/p><p><strong>Telefonnummer:<\/strong> +43 7472\/62779<br \/><strong>E-Mail:<\/strong> office@gisaqua.com<\/p><p><strong>Website:<\/strong> www.gisaqua.com<\/p><p><strong>Firmenname:<\/strong> GIS Aqua Austria GmbH<br \/><strong>Firmenbuchnummer:<\/strong> 238921f<br \/><strong>Firmengericht:<\/strong> Landesgericht St. P\u00f6lten<\/p><p><strong>Gesch\u00e4ftsf\u00fchrung<\/strong>: Ing. Hubert Ginzler<\/p><p><strong>UID-Nr.: <\/strong>ATU57305259<br \/><strong>Beh\u00f6rde gem. E-Commerce Gesetz: <\/strong>Bezirkshauptmannschaft Amstetten<br \/><strong>Kammerzugeh\u00f6rigkeit<\/strong>: Wirtschaftskammer N\u00d6<\/p><p><strong>Haftung f\u00fcr Inhalte<\/strong><br \/>Als Dienstanbieter sind wir f\u00fcr eigene Inhalte auf diesen Seiten nach den allgemeinen Gesetzen verantwortlich. Als Diensteanbieter sind wir jedoch nicht verpflichtet, \u00fcbermittelte oder gespeicherte fremde Informationen zu \u00fcberwachen oder nach Umst\u00e4nden zu forschen, die auf eine rechtswidrige T\u00e4tigkeit hinweisen.<br \/>Verpflichtungen zur Entfernung oder Sperrung der Nutzung von Informationen nach den allgemeinen Gesetzen bleiben hiervon unber\u00fchrt. Eine diesbez\u00fcgliche Haftung ist jedoch erst ab dem Zeitpunkt der Kenntnis einer konkreten Rechtsverletzung m\u00f6glich. Bei Bekanntwerden von entsprechenden Rechtsverletzungen werden wir diese Inhalte umgehend entfernen.<\/p><p><strong>Haftung f\u00fcr Links<\/strong><br \/>Unser Angebot enth\u00e4lt Links zu externen Websites Dritter, auf deren Inhalte wir keinen Einfluss haben. Deshalb k\u00f6nnen wir f\u00fcr diese fremden Inhalte auch keine Gew\u00e4hr \u00fcbernehmen. F\u00fcr die Inhalte der verlinkten Seiten ist stets der jeweilige Anbieter oder Betreiber der Seiten verantwortlich. Die verlinkten Seiten wurden zum Zeitpunkt der Verlinkung auf m\u00f6gliche Rechtsverst\u00f6\u00dfe \u00fcberpr\u00fcft. Rechtswidrige Inhalte waren zum Zeitpunkt der Verlinkung nicht erkennbar.<br \/>Eine permanente inhaltliche Kontrolle der verlinkten Seiten ist jedoch ohne konkrete Anhaltspunkte einer Rechtsverletzung nicht zumutbar. Bei Bekanntwerden von Rechtsverletzungen werden wir derartige Links umgehend entfernen.<\/p><p><strong>Urheberrecht<\/strong><br \/>Die durch die Seitenbetreiber erstellten Inhalte und Werke auf diesen Seiten unterliegen dem Urheberrecht. Die Vervielf\u00e4ltigung, Bearbeitung, Verbreitung und jede Art der Verwertung au\u00dferhalb der Grenzen des Urheberrechts bed\u00fcrften der schriftlichen Zustimmung des jeweiligen Autors bzw. Erstellers. Downloads und Kopien dieser Seite sind nur f\u00fcr den privaten, nicht kommerziellen Gebrauch gestattet.<br \/>Soweit die Inhalte auf dieser Seite nicht vom Betreiber erstellt wurden, werden die Urheberrechts Dritter beachtet. Insbesondere werden Inhalte Dritter als solche gekennzeichnet. Sollten Sie trotzdem auf eine Urheberrechtsverletzung aufmerksam werden, bitten wir um einen entsprechenden Hinweis. Bei Bekanntwerden von Rechtsverletzungen werden wir derartige Inhalte umgehend entfernen.<\/p><p><strong>Umsetzung<\/strong><br \/>Werbedrogerie, <a href=\"http:\/\/www.werbedrogerie.at\"><strong>www.werbedrogerie.at<\/strong><\/a><\/p>\t\t\t\t\t\t\t\t<\/div>\n\t\t\t\t<\/div>\n\t\t\t\t<div class=\"elementor-element elementor-element-5d5a85f elementor-widget-divider--view-line elementor-widget elementor-widget-divider\" data-id=\"5d5a85f\" data-element_type=\"widget\" data-e-type=\"widget\" data-widget_type=\"divider.default\">\n\t\t\t\t<div class=\"elementor-widget-container\">\n\t\t\t\t\t\t\t<div class=\"elementor-divider\">\n\t\t\t<span class=\"elementor-divider-separator\">\n\t\t\t\t\t\t<\/span>\n\t\t<\/div>\n\t\t\t\t\t\t<\/div>\n\t\t\t\t<\/div>\n\t\t\t\t<\/div>\n\t\t\t\t<\/div>\n\t\t\t\t\t<\/div>\n\t\t\t\t<\/div>\n\t\t\t\t<\/div>","protected":false},"excerpt":{"rendered":"<p>Impressum Die vorliegende Website ist ein Online-Angebot im Internet. Unter dieser Web-Adresse und allf\u00e4lliger Subdomains werden umfangreiche Informations- und Onlinedienste zu Produkten und Leistungen unseres Unternehmens bereitgestellt.\u00a0 GIS Aqua Austria GmbHClemens-Holzmeister-Stra\u00dfe 3A-3300 Amstetten Telefonnummer: +43 7472\/62779E-Mail: office@gisaqua.com Website: www.gisaqua.com Firmenname: GIS Aqua Austria GmbHFirmenbuchnummer: 238921fFirmengericht: Landesgericht St. P\u00f6lten Gesch\u00e4ftsf\u00fchrung: Ing. Hubert Ginzler UID-Nr.: ATU57305259Beh\u00f6rde gem. [&hellip;]<\/p>\n","protected":false},"author":1,"featured_media":0,"parent":0,"menu_order":0,"comment_status":"closed","ping_status":"closed","template":"","meta":{"_acf_changed":false,"footnotes":""},"class_list":["post-3135","page","type-page","status-publish","hentry"],"acf":[],"_links":{"self":[{"href":"https:\/\/www.gisaqua.com\/en\/wp-json\/wp\/v2\/pages\/3135","targetHints":{"allow":["GET"]}}],"collection":[{"href":"https:\/\/www.gisaqua.com\/en\/wp-json\/wp\/v2\/pages"}],"about":[{"href":"https:\/\/www.gisaqua.com\/en\/wp-json\/wp\/v2\/types\/page"}],"author":[{"embeddable":true,"href":"https:\/\/www.gisaqua.com\/en\/wp-json\/wp\/v2\/users\/1"}],"replies":[{"embeddable":true,"href":"https:\/\/www.gisaqua.com\/en\/wp-json\/wp\/v2\/comments?post=3135"}],"version-history":[{"count":22,"href":"https:\/\/www.gisaqua.com\/en\/wp-json\/wp\/v2\/pages\/3135\/revisions"}],"predecessor-version":[{"id":3834,"href":"https:\/\/www.gisaqua.com\/en\/wp-json\/wp\/v2\/pages\/3135\/revisions\/3834"}],"wp:attachment":[{"href":"https:\/\/www.gisaqua.com\/en\/wp-json\/wp\/v2\/media?parent=3135"}],"curies":[{"name":"wp","href":"https:\/\/api.w.org\/{rel}","templated":true}]}}