{"id":519,"date":"2024-09-24T13:41:21","date_gmt":"2024-09-24T11:41:21","guid":{"rendered":"https:\/\/gisaqua.werbedrogerie.at\/?page_id=519"},"modified":"2026-04-23T07:42:14","modified_gmt":"2026-04-23T05:42:14","slug":"karriere","status":"publish","type":"page","link":"https:\/\/www.gisaqua.com\/en\/karriere\/","title":{"rendered":"Career"},"content":{"rendered":"<p><img fetchpriority=\"high\" width=\"339\" height=\"338\" src=\"https:\/\/www.gisaqua.com\/wp-content\/uploads\/2024\/04\/Element-6.svg\" alt=\"\" decoding=\"async\" \/>\t\t\t\t\t\t\t\t\t\t\t\t\t\t\t<\/p>\n<h2>Your Career at GIS AQUA AND GINZLER<\/h2>\n<p><a href=\"mailto:personal@gisaqua.com\">personal@gisaqua.com<\/a><\/p>\n<p>We are a successful, continuously growing company in the field of environmental technology and are a medium-sized plant manufacturer in water treatment.<\/p>\n<p>The company places great value on competence, teamwork, honesty and an \"out of the box thinking\" mentality.<\/p>\n<p>Interested? Then become part of our team and help shape our future path to success!\u201d<\/p>\n<p>An important pillar of our success is investing in young, motivated employees who have good future prospects in our company.<\/p>\n<p>The following apprenticeships are offered: Mechanical engineering, construction engineering &amp; information technology \u2013 technology.<\/p>\n<h2>GIS Aqua Austria GmbH<\/h2>\n<p>\t\t\t<a href=\"https:\/\/www.gisaqua.com\/wp-content\/uploads\/2025\/09\/monteur.pdf\" target=\"_blank\"><br \/>\n\t\t\t\t\t\t<\/a><\/p>\n<h2>GIS Aqua Austria GmbH<\/h2>\n<p>\t\t\t<a href=\"https:\/\/www.gisaqua.com\/wp-content\/uploads\/2026\/04\/projektlogistikundeinkauf.pdf\" target=\"_blank\"><br \/>\n\t\t\t\t\t\t<\/a><\/p>\n<h2>GIS Aqua Austria GmbH<\/h2>\n<p>\t\t\t<a href=\"https:\/\/www.gisaqua.com\/wp-content\/uploads\/2025\/07\/projekttechniker.pdf\" target=\"_blank\"><br \/>\n\t\t\t\t\t\t<\/a><\/p>\n<h2>GIS Aqua Austria GmbH<\/h2>\n<p>\t\t\t<a href=\"https:\/\/www.gisaqua.com\/wp-content\/uploads\/2026\/04\/nationalerundinternationalerprojekteinkauf.pdf\" target=\"_blank\"><br \/>\n\t\t\t\t\t\t<\/a><\/p>\n<h2>GIS Aqua Austria GmbH<\/h2>\n<p>\t\t\t<a href=\"\/wp-content\/uploads\/2025\/03\/metallbau_blechtechniker.pdf\" target=\"_blank\"><br \/>\n\t\t\t\t\t\t<\/a><br \/>\n\t\t\t\t\t\t\t\t\t\t\t\t\t\t\t<img width=\"3389\" height=\"800\" src=\"https:\/\/www.gisaqua.com\/wp-content\/uploads\/gis-x-gin_breit.svg\" alt=\"\" decoding=\"async\" \/><\/p>","protected":false},"excerpt":{"rendered":"<p>karriere bei gis aqua UND GINZLER personal@gisaqua.com Wir sind ein erfolgreich, kontinuierlich wachsendes Unternehmen im Bereich Umwelttechnik und sind als mittelst\u00e4ndischer Anlagenbauer in der Wasseraufbereitung t\u00e4tig. Das Unternehmen legt gro\u00dfen Wert auf Kompetenz, Teamf\u00e4higkeit, Ehrlichkeit, und \u201eOut of the Box Thinking\u201c Mentalit\u00e4t. Interesse geweckt? Dann werde Teil unseres Teams und pr\u00e4ge den weiteren Erfolgsweg mit! [&hellip;]<\/p>\n","protected":false},"author":1,"featured_media":0,"parent":0,"menu_order":0,"comment_status":"closed","ping_status":"closed","template":"","meta":{"_acf_changed":false,"footnotes":""},"class_list":["post-519","page","type-page","status-publish","hentry"],"acf":[],"_links":{"self":[{"href":"https:\/\/www.gisaqua.com\/en\/wp-json\/wp\/v2\/pages\/519","targetHints":{"allow":["GET"]}}],"collection":[{"href":"https:\/\/www.gisaqua.com\/en\/wp-json\/wp\/v2\/pages"}],"about":[{"href":"https:\/\/www.gisaqua.com\/en\/wp-json\/wp\/v2\/types\/page"}],"author":[{"embeddable":true,"href":"https:\/\/www.gisaqua.com\/en\/wp-json\/wp\/v2\/users\/1"}],"replies":[{"embeddable":true,"href":"https:\/\/www.gisaqua.com\/en\/wp-json\/wp\/v2\/comments?post=519"}],"version-history":[{"count":322,"href":"https:\/\/www.gisaqua.com\/en\/wp-json\/wp\/v2\/pages\/519\/revisions"}],"predecessor-version":[{"id":4154,"href":"https:\/\/www.gisaqua.com\/en\/wp-json\/wp\/v2\/pages\/519\/revisions\/4154"}],"wp:attachment":[{"href":"https:\/\/www.gisaqua.com\/en\/wp-json\/wp\/v2\/media?parent=519"}],"curies":[{"name":"wp","href":"https:\/\/api.w.org\/{rel}","templated":true}]}}