{"id":526,"date":"2024-09-24T14:04:45","date_gmt":"2024-09-24T12:04:45","guid":{"rendered":"https:\/\/gisaqua.werbedrogerie.at\/?page_id=526"},"modified":"2025-05-13T08:42:40","modified_gmt":"2025-05-13T06:42:40","slug":"downloads","status":"publish","type":"page","link":"https:\/\/www.gisaqua.com\/en\/downloads\/","title":{"rendered":"Downloads"},"content":{"rendered":"<div data-elementor-type=\"wp-page\" data-elementor-id=\"526\" class=\"elementor elementor-526\" data-elementor-post-type=\"page\">\n\t\t\t\t<div class=\"elementor-element elementor-element-7fef024 e-flex e-con-boxed e-con e-parent\" data-id=\"7fef024\" data-element_type=\"container\" data-e-type=\"container\">\n\t\t\t\t\t<div class=\"e-con-inner\">\n\t\t\t\t<div class=\"elementor-element elementor-element-5558f93 elementor-absolute elementor-widget elementor-widget-image\" data-id=\"5558f93\" data-element_type=\"widget\" data-e-type=\"widget\" data-settings=\"{&quot;_position&quot;:&quot;absolute&quot;}\" data-widget_type=\"image.default\">\n\t\t\t\t<div class=\"elementor-widget-container\">\n\t\t\t\t\t\t\t\t\t\t\t\t\t\t\t<img fetchpriority=\"high\" decoding=\"async\" width=\"339\" height=\"338\" src=\"https:\/\/www.gisaqua.com\/wp-content\/uploads\/2024\/04\/Element-6.svg\" class=\"attachment-large size-large wp-image-198\" alt=\"\" \/>\t\t\t\t\t\t\t\t\t\t\t\t\t\t\t<\/div>\n\t\t\t\t<\/div>\n\t\t<div class=\"elementor-element elementor-element-e2511c0 e-con-full e-flex e-con e-child\" data-id=\"e2511c0\" data-element_type=\"container\" data-e-type=\"container\">\n\t\t<div class=\"elementor-element elementor-element-4481f7e e-con-full e-flex e-con e-child\" data-id=\"4481f7e\" data-element_type=\"container\" data-e-type=\"container\">\n\t\t\t\t<div class=\"elementor-element elementor-element-b70f5b0 elementor-widget__width-initial elementor-widget elementor-widget-heading\" data-id=\"b70f5b0\" data-element_type=\"widget\" data-e-type=\"widget\" data-widget_type=\"heading.default\">\n\t\t\t\t<div class=\"elementor-widget-container\">\n\t\t\t\t\t<h2 class=\"elementor-heading-title elementor-size-default\">Downloads<\/h2>\t\t\t\t<\/div>\n\t\t\t\t<\/div>\n\t\t\t\t<\/div>\n\t\t<div class=\"elementor-element elementor-element-4a959cc e-con-full e-flex e-con e-child\" data-id=\"4a959cc\" data-element_type=\"container\" data-e-type=\"container\">\n\t\t\t\t<div class=\"elementor-element elementor-element-fc79556 elementor-widget elementor-widget-text-editor\" data-id=\"fc79556\" data-element_type=\"widget\" data-e-type=\"widget\" data-widget_type=\"text-editor.default\">\n\t\t\t\t<div class=\"elementor-widget-container\">\n\t\t\t\t\t\t\t\t\tHere you will find general information about GIS Aqua, certificates and references. To open and print the files you need Adobe PDF Reader or a similar program.\t\t\t\t\t\t\t\t<\/div>\n\t\t\t\t<\/div>\n\t\t\t\t<div class=\"elementor-element elementor-element-5d5a85f elementor-widget-divider--view-line elementor-widget elementor-widget-divider\" data-id=\"5d5a85f\" data-element_type=\"widget\" data-e-type=\"widget\" data-widget_type=\"divider.default\">\n\t\t\t\t<div class=\"elementor-widget-container\">\n\t\t\t\t\t\t\t<div class=\"elementor-divider\">\n\t\t\t<span class=\"elementor-divider-separator\">\n\t\t\t\t\t\t<\/span>\n\t\t<\/div>\n\t\t\t\t\t\t<\/div>\n\t\t\t\t<\/div>\n\t\t\t\t<div class=\"elementor-element elementor-element-6a42679 elementor-widget elementor-widget-jkit_heading\" data-id=\"6a42679\" data-element_type=\"widget\" data-e-type=\"widget\" data-widget_type=\"jkit_heading.default\">\n\t\t\t\t<div class=\"elementor-widget-container\">\n\t\t\t\t\t<div  class=\"jeg-elementor-kit jkit-heading  align-left align-tablet- align-mobile- jeg_module___69ef801c61c26\" ><h6 class=\"heading-section-subtitle  style-color\">More information<\/h6><div class=\"heading-section-title  display-inline-block\"><h5 class=\"heading-title\">office@gisaqua.com<\/h5><\/div><\/div>\t\t\t\t<\/div>\n\t\t\t\t<\/div>\n\t\t\t\t<\/div>\n\t\t\t\t<\/div>\n\t\t\t\t\t<\/div>\n\t\t\t\t<\/div>\n\t\t<div class=\"elementor-element elementor-element-cd3719e e-flex e-con-boxed e-con e-parent\" data-id=\"cd3719e\" data-element_type=\"container\" data-e-type=\"container\">\n\t\t\t\t\t<div class=\"e-con-inner\">\n\t\t<div class=\"elementor-element elementor-element-559dd75 e-con-full e-flex e-con e-child\" data-id=\"559dd75\" data-element_type=\"container\" data-e-type=\"container\">\n\t\t\t\t<div class=\"elementor-element elementor-element-68d8ac8 elementor-widget elementor-widget-image\" data-id=\"68d8ac8\" data-element_type=\"widget\" data-e-type=\"widget\" data-widget_type=\"image.default\">\n\t\t\t\t<div class=\"elementor-widget-container\">\n\t\t\t\t\t\t\t\t\t\t\t\t\t\t\t\t<a href=\"https:\/\/publuu.com\/flip-book\/831498\/1906885\" target=\"_blank\">\n\t\t\t\t\t\t\t<img decoding=\"async\" width=\"800\" height=\"490\" src=\"https:\/\/www.gisaqua.com\/wp-content\/uploads\/2025\/03\/cover-image-1024x627.png\" class=\"attachment-large size-large wp-image-2981\" alt=\"\" srcset=\"https:\/\/www.gisaqua.com\/wp-content\/uploads\/2025\/03\/cover-image-1024x627.png 1024w, https:\/\/www.gisaqua.com\/wp-content\/uploads\/2025\/03\/cover-image-18x12.png 18w, https:\/\/www.gisaqua.com\/wp-content\/uploads\/2025\/03\/cover-image-300x184.png 300w, https:\/\/www.gisaqua.com\/wp-content\/uploads\/2025\/03\/cover-image-768x470.png 768w, https:\/\/www.gisaqua.com\/wp-content\/uploads\/2025\/03\/cover-image-1536x940.png 1536w, https:\/\/www.gisaqua.com\/wp-content\/uploads\/2025\/03\/cover-image.png 1600w\" sizes=\"(max-width: 800px) 100vw, 800px\" \/>\t\t\t\t\t\t\t\t<\/a>\n\t\t\t\t\t\t\t\t\t\t\t\t\t\t\t<\/div>\n\t\t\t\t<\/div>\n\t\t\t\t<div class=\"elementor-element elementor-element-918d3e8 elementor-position-inline-start elementor-mobile-position-inline-start elementor-view-default elementor-widget elementor-widget-icon-box\" data-id=\"918d3e8\" data-element_type=\"widget\" data-e-type=\"widget\" data-widget_type=\"icon-box.default\">\n\t\t\t\t<div class=\"elementor-widget-container\">\n\t\t\t\t\t\t\t<div class=\"elementor-icon-box-wrapper\">\n\n\t\t\t\t\t\t<div class=\"elementor-icon-box-icon\">\n\t\t\t\t<a href=\"https:\/\/publuu.com\/flip-book\/831498\/1906885\" target=\"_blank\" class=\"elementor-icon\" tabindex=\"-1\" aria-label=\"Unternehmensbrosch\u00fcre (DE)\">\n\t\t\t\t<i aria-hidden=\"true\" class=\"jki jki-download-light\"><\/i>\t\t\t\t<\/a>\n\t\t\t<\/div>\n\t\t\t\n\t\t\t\t\t\t<div class=\"elementor-icon-box-content\">\n\n\t\t\t\t\t\t\t\t\t<h3 class=\"elementor-icon-box-title\">\n\t\t\t\t\t\t<a href=\"https:\/\/publuu.com\/flip-book\/831498\/1906885\" target=\"_blank\" >\n\t\t\t\t\t\t\tUnternehmensbrosch\u00fcre (DE)\t\t\t\t\t\t<\/a>\n\t\t\t\t\t<\/h3>\n\t\t\t\t\n\t\t\t\t\n\t\t\t<\/div>\n\t\t\t\n\t\t<\/div>\n\t\t\t\t\t\t<\/div>\n\t\t\t\t<\/div>\n\t\t\t\t<div class=\"elementor-element elementor-element-0ace76e elementor-position-inline-start elementor-mobile-position-inline-start elementor-view-default elementor-widget elementor-widget-icon-box\" data-id=\"0ace76e\" data-element_type=\"widget\" data-e-type=\"widget\" data-widget_type=\"icon-box.default\">\n\t\t\t\t<div class=\"elementor-widget-container\">\n\t\t\t\t\t\t\t<div class=\"elementor-icon-box-wrapper\">\n\n\t\t\t\t\t\t<div class=\"elementor-icon-box-icon\">\n\t\t\t\t<a href=\"https:\/\/publuu.com\/flip-book\/831498\/1906909\" target=\"_blank\" class=\"elementor-icon\" tabindex=\"-1\" aria-label=\"Image brochure (EN)\">\n\t\t\t\t<i aria-hidden=\"true\" class=\"jki jki-download-light\"><\/i>\t\t\t\t<\/a>\n\t\t\t<\/div>\n\t\t\t\n\t\t\t\t\t\t<div class=\"elementor-icon-box-content\">\n\n\t\t\t\t\t\t\t\t\t<h3 class=\"elementor-icon-box-title\">\n\t\t\t\t\t\t<a href=\"https:\/\/publuu.com\/flip-book\/831498\/1906909\" target=\"_blank\" >\n\t\t\t\t\t\t\tImage brochure (EN)\t\t\t\t\t\t<\/a>\n\t\t\t\t\t<\/h3>\n\t\t\t\t\n\t\t\t\t\n\t\t\t<\/div>\n\t\t\t\n\t\t<\/div>\n\t\t\t\t\t\t<\/div>\n\t\t\t\t<\/div>\n\t\t\t\t<div class=\"elementor-element elementor-element-25162f6 elementor-position-inline-start elementor-mobile-position-inline-start elementor-view-default elementor-widget elementor-widget-icon-box\" data-id=\"25162f6\" data-element_type=\"widget\" data-e-type=\"widget\" data-widget_type=\"icon-box.default\">\n\t\t\t\t<div class=\"elementor-widget-container\">\n\t\t\t\t\t\t\t<div class=\"elementor-icon-box-wrapper\">\n\n\t\t\t\t\t\t<div class=\"elementor-icon-box-icon\">\n\t\t\t\t<a href=\"\/wp-content\/uploads\/gisaqua_image21_arabisch.pdf\" target=\"_blank\" class=\"elementor-icon\" tabindex=\"-1\" aria-label=\" \u0643\u062a\u064a\u0628 \u0627\u0644\u0634\u0631\u0643\u0629 (AR)\">\n\t\t\t\t<i aria-hidden=\"true\" class=\"jki jki-download-light\"><\/i>\t\t\t\t<\/a>\n\t\t\t<\/div>\n\t\t\t\n\t\t\t\t\t\t<div class=\"elementor-icon-box-content\">\n\n\t\t\t\t\t\t\t\t\t<h3 class=\"elementor-icon-box-title\">\n\t\t\t\t\t\t<a href=\"\/wp-content\/uploads\/gisaqua_image21_arabisch.pdf\" target=\"_blank\" >\n\t\t\t\t\t\t\t \u0643\u062a\u064a\u0628 \u0627\u0644\u0634\u0631\u0643\u0629 (AR)\t\t\t\t\t\t<\/a>\n\t\t\t\t\t<\/h3>\n\t\t\t\t\n\t\t\t\t\n\t\t\t<\/div>\n\t\t\t\n\t\t<\/div>\n\t\t\t\t\t\t<\/div>\n\t\t\t\t<\/div>\n\t\t\t\t<\/div>\n\t\t<div class=\"elementor-element elementor-element-b17a323 e-con-full e-flex e-con e-child\" data-id=\"b17a323\" data-element_type=\"container\" data-e-type=\"container\">\n\t\t\t\t<div class=\"elementor-element elementor-element-70eeb52 elementor-widget elementor-widget-image\" data-id=\"70eeb52\" data-element_type=\"widget\" data-e-type=\"widget\" data-widget_type=\"image.default\">\n\t\t\t\t<div class=\"elementor-widget-container\">\n\t\t\t\t\t\t\t\t\t\t\t\t\t\t\t\t<a href=\"https:\/\/publuu.com\/flip-book\/831498\/1904845\" target=\"_blank\">\n\t\t\t\t\t\t\t<img decoding=\"async\" width=\"800\" height=\"490\" src=\"https:\/\/www.gisaqua.com\/wp-content\/uploads\/2025\/03\/cover-service-1024x627.png\" class=\"attachment-large size-large wp-image-2982\" alt=\"\" srcset=\"https:\/\/www.gisaqua.com\/wp-content\/uploads\/2025\/03\/cover-service-1024x627.png 1024w, https:\/\/www.gisaqua.com\/wp-content\/uploads\/2025\/03\/cover-service-18x12.png 18w, https:\/\/www.gisaqua.com\/wp-content\/uploads\/2025\/03\/cover-service-300x184.png 300w, https:\/\/www.gisaqua.com\/wp-content\/uploads\/2025\/03\/cover-service-768x470.png 768w, https:\/\/www.gisaqua.com\/wp-content\/uploads\/2025\/03\/cover-service-1536x940.png 1536w, https:\/\/www.gisaqua.com\/wp-content\/uploads\/2025\/03\/cover-service.png 1600w\" sizes=\"(max-width: 800px) 100vw, 800px\" \/>\t\t\t\t\t\t\t\t<\/a>\n\t\t\t\t\t\t\t\t\t\t\t\t\t\t\t<\/div>\n\t\t\t\t<\/div>\n\t\t\t\t<div class=\"elementor-element elementor-element-bc5276b elementor-position-inline-start elementor-mobile-position-inline-start elementor-view-default elementor-widget elementor-widget-icon-box\" data-id=\"bc5276b\" data-element_type=\"widget\" data-e-type=\"widget\" data-widget_type=\"icon-box.default\">\n\t\t\t\t<div class=\"elementor-widget-container\">\n\t\t\t\t\t\t\t<div class=\"elementor-icon-box-wrapper\">\n\n\t\t\t\t\t\t<div class=\"elementor-icon-box-icon\">\n\t\t\t\t<a href=\"https:\/\/publuu.com\/flip-book\/831498\/1904845\" target=\"_blank\" class=\"elementor-icon\" tabindex=\"-1\" aria-label=\"Service brochure\">\n\t\t\t\t<i aria-hidden=\"true\" class=\"jki jki-download-light\"><\/i>\t\t\t\t<\/a>\n\t\t\t<\/div>\n\t\t\t\n\t\t\t\t\t\t<div class=\"elementor-icon-box-content\">\n\n\t\t\t\t\t\t\t\t\t<h3 class=\"elementor-icon-box-title\">\n\t\t\t\t\t\t<a href=\"https:\/\/publuu.com\/flip-book\/831498\/1904845\" target=\"_blank\" >\n\t\t\t\t\t\t\tService brochure\t\t\t\t\t\t<\/a>\n\t\t\t\t\t<\/h3>\n\t\t\t\t\n\t\t\t\t\n\t\t\t<\/div>\n\t\t\t\n\t\t<\/div>\n\t\t\t\t\t\t<\/div>\n\t\t\t\t<\/div>\n\t\t\t\t<\/div>\n\t\t\t\t\t<\/div>\n\t\t\t\t<\/div>\n\t\t<div class=\"elementor-element elementor-element-c166e89 e-flex e-con-boxed e-con e-parent\" data-id=\"c166e89\" data-element_type=\"container\" data-e-type=\"container\">\n\t\t\t\t\t<div class=\"e-con-inner\">\n\t\t<div class=\"elementor-element elementor-element-0fad6b6 e-con-full e-flex e-con e-child\" data-id=\"0fad6b6\" data-element_type=\"container\" data-e-type=\"container\">\n\t\t\t\t<div class=\"elementor-element elementor-element-bcec132 elementor-widget__width-initial elementor-widget elementor-widget-heading\" data-id=\"bcec132\" data-element_type=\"widget\" data-e-type=\"widget\" data-widget_type=\"heading.default\">\n\t\t\t\t<div class=\"elementor-widget-container\">\n\t\t\t\t\t<h2 class=\"elementor-heading-title elementor-size-default\">References:<\/h2>\t\t\t\t<\/div>\n\t\t\t\t<\/div>\n\t\t\t\t<div class=\"elementor-element elementor-element-63d186e elementor-position-inline-start elementor-mobile-position-inline-start elementor-view-default elementor-widget elementor-widget-icon-box\" data-id=\"63d186e\" data-element_type=\"widget\" data-e-type=\"widget\" data-widget_type=\"icon-box.default\">\n\t\t\t\t<div class=\"elementor-widget-container\">\n\t\t\t\t\t\t\t<div class=\"elementor-icon-box-wrapper\">\n\n\t\t\t\t\t\t<div class=\"elementor-icon-box-icon\">\n\t\t\t\t<a href=\"\/en\/projekte\/\" class=\"elementor-icon\" tabindex=\"-1\" aria-label=\"view references\">\n\t\t\t\t<i aria-hidden=\"true\" class=\"jki jki-download-light\"><\/i>\t\t\t\t<\/a>\n\t\t\t<\/div>\n\t\t\t\n\t\t\t\t\t\t<div class=\"elementor-icon-box-content\">\n\n\t\t\t\t\t\t\t\t\t<h3 class=\"elementor-icon-box-title\">\n\t\t\t\t\t\t<a href=\"\/en\/projekte\/\" >\n\t\t\t\t\t\t\tview references\t\t\t\t\t\t<\/a>\n\t\t\t\t\t<\/h3>\n\t\t\t\t\n\t\t\t\t\n\t\t\t<\/div>\n\t\t\t\n\t\t<\/div>\n\t\t\t\t\t\t<\/div>\n\t\t\t\t<\/div>\n\t\t\t\t<div class=\"elementor-element elementor-element-67b0bca elementor-position-inline-start elementor-mobile-position-inline-start elementor-view-default elementor-widget elementor-widget-icon-box\" data-id=\"67b0bca\" data-element_type=\"widget\" data-e-type=\"widget\" data-widget_type=\"icon-box.default\">\n\t\t\t\t<div class=\"elementor-widget-container\">\n\t\t\t\t\t\t\t<div class=\"elementor-icon-box-wrapper\">\n\n\t\t\t\t\t\t<div class=\"elementor-icon-box-icon\">\n\t\t\t\t<a href=\"https:\/\/www.ginzler.com\" target=\"_blank\" class=\"elementor-icon\" tabindex=\"-1\" aria-label=\"product references \">\n\t\t\t\t<svg xmlns=\"http:\/\/www.w3.org\/2000\/svg\" id=\"Ebene_2\" data-name=\"Ebene 2\" viewbox=\"0 0 75.59 75.59\"><defs><style>      .cls-1 {        fill: #045f8d;        stroke: #035f8e;        stroke-miterlimit: 10;        stroke-width: 1.3px;      }    <\/style><\/defs><g id=\"Ebene_1-2\" data-name=\"Ebene 1\"><g><path class=\"cls-1\" d=\"M37.8,74.94C17.31,74.94.65,58.28.65,37.8S17.31.65,37.8.65s37.15,16.66,37.15,37.15-16.66,37.15-37.15,37.15ZM37.8,2.8C18.5,2.8,2.8,18.5,2.8,37.8s15.7,34.99,34.99,34.99,34.99-15.7,34.99-34.99S57.09,2.8,37.8,2.8Z\"><\/path><path class=\"cls-1\" d=\"M40.61,50.69c-1.6.39-3.21.52-4.86.41-3.51-.23-6.42-1.15-8.71-2.76-2.28-1.61-3.97-3.93-5.05-6.93-.58-1.64-.82-3.36-.76-5.11.04-1.09.16-2.19.4-3.25.58-2.52,1.76-4.71,3.55-6.55.7-.72,1.48-1.37,2.32-1.92,2.1-1.39,4.59-2.19,7.46-2.4.95-.06,1.9-.06,2.85,0,2.88.22,5.39.96,7.5,2.19,2.3,1.35,4.01,3.24,5.37,5.52l3.61-2.05c-1.61-2.78-3.64-4.98-6.47-6.59-1.03-.57-2.16-1.05-3.38-1.43-1.41-.45-2.95-.78-4.62-.98-2.23-.28-4.23-.32-6.46,0-2.4.36-4.57,1-6.49,1.93-1.93.93-3.61,2.15-5.06,3.66-1.44,1.51-2.55,3.19-3.33,5.07-.78,1.86-1.22,3.91-1.33,6.12,0,1.14-.04,2.03.09,3.18.5,4.39,2.31,8.45,5.7,11.42,1.63,1.43,3.5,2.52,5.62,3.26,3.09,1.09,6.78,1.4,10.06,1.11.92-.08,1.81-.21,2.68-.39,4.3-.9,7.69-3.03,10.16-6.4v6.11h3.51v-18.29h-20.15v3.54h16.53c-.04.34-.08.66-.14,1-.44,2.36-1.36,4.37-2.74,6.01-.74.88-1.62,1.65-2.63,2.32-1.54,1.02-3.44,1.81-5.25,2.24\"><\/path><\/g><\/g><\/svg>\t\t\t\t<\/a>\n\t\t\t<\/div>\n\t\t\t\n\t\t\t\t\t\t<div class=\"elementor-icon-box-content\">\n\n\t\t\t\t\t\t\t\t\t<h3 class=\"elementor-icon-box-title\">\n\t\t\t\t\t\t<a href=\"https:\/\/www.ginzler.com\" target=\"_blank\" >\n\t\t\t\t\t\t\tproduct references \t\t\t\t\t\t<\/a>\n\t\t\t\t\t<\/h3>\n\t\t\t\t\n\t\t\t\t\n\t\t\t<\/div>\n\t\t\t\n\t\t<\/div>\n\t\t\t\t\t\t<\/div>\n\t\t\t\t<\/div>\n\t\t\t\t<\/div>\n\t\t<div class=\"elementor-element elementor-element-3eb4ec5 e-con-full e-flex e-con e-child\" data-id=\"3eb4ec5\" data-element_type=\"container\" data-e-type=\"container\">\n\t\t\t\t<div class=\"elementor-element elementor-element-e69cbdc elementor-widget__width-initial elementor-widget elementor-widget-heading\" data-id=\"e69cbdc\" data-element_type=\"widget\" data-e-type=\"widget\" data-widget_type=\"heading.default\">\n\t\t\t\t<div class=\"elementor-widget-container\">\n\t\t\t\t\t<h2 class=\"elementor-heading-title elementor-size-default\">Infomaterial:<\/h2>\t\t\t\t<\/div>\n\t\t\t\t<\/div>\n\t\t\t\t<div class=\"elementor-element elementor-element-b7b4c5f elementor-position-inline-start elementor-mobile-position-inline-start elementor-view-default elementor-widget elementor-widget-icon-box\" data-id=\"b7b4c5f\" data-element_type=\"widget\" data-e-type=\"widget\" data-widget_type=\"icon-box.default\">\n\t\t\t\t<div class=\"elementor-widget-container\">\n\t\t\t\t\t\t\t<div class=\"elementor-icon-box-wrapper\">\n\n\t\t\t\t\t\t<div class=\"elementor-icon-box-icon\">\n\t\t\t\t<a href=\"\/wp-content\/uploads\/GIS Aqua_ISO_EN.pdf\" target=\"_blank\" class=\"elementor-icon\" tabindex=\"-1\" aria-label=\"download certificate\">\n\t\t\t\t<i aria-hidden=\"true\" class=\"jki jki-download-light\"><\/i>\t\t\t\t<\/a>\n\t\t\t<\/div>\n\t\t\t\n\t\t\t\t\t\t<div class=\"elementor-icon-box-content\">\n\n\t\t\t\t\t\t\t\t\t<h3 class=\"elementor-icon-box-title\">\n\t\t\t\t\t\t<a href=\"\/wp-content\/uploads\/GIS Aqua_ISO_EN.pdf\" target=\"_blank\" >\n\t\t\t\t\t\t\tdownload certificate\t\t\t\t\t\t<\/a>\n\t\t\t\t\t<\/h3>\n\t\t\t\t\n\t\t\t\t\n\t\t\t<\/div>\n\t\t\t\n\t\t<\/div>\n\t\t\t\t\t\t<\/div>\n\t\t\t\t<\/div>\n\t\t\t\t<div class=\"elementor-element elementor-element-b34c79b elementor-position-inline-start elementor-mobile-position-inline-start elementor-view-default elementor-widget elementor-widget-icon-box\" data-id=\"b34c79b\" data-element_type=\"widget\" data-e-type=\"widget\" data-widget_type=\"icon-box.default\">\n\t\t\t\t<div class=\"elementor-widget-container\">\n\t\t\t\t\t\t\t<div class=\"elementor-icon-box-wrapper\">\n\n\t\t\t\t\t\t<div class=\"elementor-icon-box-icon\">\n\t\t\t\t<a href=\"\/wp-content\/uploads\/unternehmenspolitik.pdf\" target=\"_blank\" class=\"elementor-icon\" tabindex=\"-1\" aria-label=\"HSQE corporate policy\">\n\t\t\t\t<i aria-hidden=\"true\" class=\"jki jki-download-light\"><\/i>\t\t\t\t<\/a>\n\t\t\t<\/div>\n\t\t\t\n\t\t\t\t\t\t<div class=\"elementor-icon-box-content\">\n\n\t\t\t\t\t\t\t\t\t<h3 class=\"elementor-icon-box-title\">\n\t\t\t\t\t\t<a href=\"\/wp-content\/uploads\/unternehmenspolitik.pdf\" target=\"_blank\" >\n\t\t\t\t\t\t\tHSQE corporate policy\t\t\t\t\t\t<\/a>\n\t\t\t\t\t<\/h3>\n\t\t\t\t\n\t\t\t\t\n\t\t\t<\/div>\n\t\t\t\n\t\t<\/div>\n\t\t\t\t\t\t<\/div>\n\t\t\t\t<\/div>\n\t\t\t\t<div class=\"elementor-element elementor-element-862396a elementor-position-inline-start elementor-mobile-position-inline-start elementor-view-default elementor-widget elementor-widget-icon-box\" data-id=\"862396a\" data-element_type=\"widget\" data-e-type=\"widget\" data-widget_type=\"icon-box.default\">\n\t\t\t\t<div class=\"elementor-widget-container\">\n\t\t\t\t\t\t\t<div class=\"elementor-icon-box-wrapper\">\n\n\t\t\t\t\t\t<div class=\"elementor-icon-box-icon\">\n\t\t\t\t<a href=\"\/wp-content\/uploads\/termsofpurchase.pdf\" target=\"_blank\" class=\"elementor-icon\" tabindex=\"-1\" aria-label=\"Download Purchasing conditions\">\n\t\t\t\t<i aria-hidden=\"true\" class=\"jki jki-download-light\"><\/i>\t\t\t\t<\/a>\n\t\t\t<\/div>\n\t\t\t\n\t\t\t\t\t\t<div class=\"elementor-icon-box-content\">\n\n\t\t\t\t\t\t\t\t\t<h3 class=\"elementor-icon-box-title\">\n\t\t\t\t\t\t<a href=\"\/wp-content\/uploads\/termsofpurchase.pdf\" target=\"_blank\" >\n\t\t\t\t\t\t\tDownload Purchasing conditions\t\t\t\t\t\t<\/a>\n\t\t\t\t\t<\/h3>\n\t\t\t\t\n\t\t\t\t\n\t\t\t<\/div>\n\t\t\t\n\t\t<\/div>\n\t\t\t\t\t\t<\/div>\n\t\t\t\t<\/div>\n\t\t\t\t<div class=\"elementor-element elementor-element-b692ad5 elementor-position-inline-start elementor-mobile-position-inline-start elementor-view-default elementor-widget elementor-widget-icon-box\" data-id=\"b692ad5\" data-element_type=\"widget\" data-e-type=\"widget\" data-widget_type=\"icon-box.default\">\n\t\t\t\t<div class=\"elementor-widget-container\">\n\t\t\t\t\t\t\t<div class=\"elementor-icon-box-wrapper\">\n\n\t\t\t\t\t\t<div class=\"elementor-icon-box-icon\">\n\t\t\t\t<a href=\"\/wp-content\/uploads\/GTB.pdf\" target=\"_blank\" class=\"elementor-icon\" tabindex=\"-1\" aria-label=\"Download AGB\">\n\t\t\t\t<i aria-hidden=\"true\" class=\"jki jki-download-light\"><\/i>\t\t\t\t<\/a>\n\t\t\t<\/div>\n\t\t\t\n\t\t\t\t\t\t<div class=\"elementor-icon-box-content\">\n\n\t\t\t\t\t\t\t\t\t<h3 class=\"elementor-icon-box-title\">\n\t\t\t\t\t\t<a href=\"\/wp-content\/uploads\/GTB.pdf\" target=\"_blank\" >\n\t\t\t\t\t\t\tDownload AGB\t\t\t\t\t\t<\/a>\n\t\t\t\t\t<\/h3>\n\t\t\t\t\n\t\t\t\t\n\t\t\t<\/div>\n\t\t\t\n\t\t<\/div>\n\t\t\t\t\t\t<\/div>\n\t\t\t\t<\/div>\n\t\t\t\t<\/div>\n\t\t\t\t\t<\/div>\n\t\t\t\t<\/div>\n\t\t\t\t<\/div>","protected":false},"excerpt":{"rendered":"<p>Downloads Hier finden Sie allgemeines Informationsmaterial \u00fcber GIS Aqua, Zertifikate und Referenzen. Um die Dateien \u00f6ffnen und drucken zu k\u00f6nnen ben\u00f6tigen Sie den Adobe PDF Reader oder ein \u00e4hnliches Programm. Mehr Information office@gisaqua.com Unternehmensbrosch\u00fcre (DE) Image brochure (EN) \u0643\u062a\u064a\u0628 \u0627\u0644\u0634\u0631\u0643\u0629 (AR) SERVICE Brosch\u00fcre Referenzen: Referenzen ansehen GINZLER Produkte Infomaterial: ISO Zertifikate Unternehmenspolitik Einkaufsbedingungen AGB<\/p>","protected":false},"author":1,"featured_media":0,"parent":0,"menu_order":0,"comment_status":"closed","ping_status":"closed","template":"","meta":{"_acf_changed":false,"footnotes":""},"class_list":["post-526","page","type-page","status-publish","hentry"],"acf":[],"_links":{"self":[{"href":"https:\/\/www.gisaqua.com\/en\/wp-json\/wp\/v2\/pages\/526","targetHints":{"allow":["GET"]}}],"collection":[{"href":"https:\/\/www.gisaqua.com\/en\/wp-json\/wp\/v2\/pages"}],"about":[{"href":"https:\/\/www.gisaqua.com\/en\/wp-json\/wp\/v2\/types\/page"}],"author":[{"embeddable":true,"href":"https:\/\/www.gisaqua.com\/en\/wp-json\/wp\/v2\/users\/1"}],"replies":[{"embeddable":true,"href":"https:\/\/www.gisaqua.com\/en\/wp-json\/wp\/v2\/comments?post=526"}],"version-history":[{"count":136,"href":"https:\/\/www.gisaqua.com\/en\/wp-json\/wp\/v2\/pages\/526\/revisions"}],"predecessor-version":[{"id":3502,"href":"https:\/\/www.gisaqua.com\/en\/wp-json\/wp\/v2\/pages\/526\/revisions\/3502"}],"wp:attachment":[{"href":"https:\/\/www.gisaqua.com\/en\/wp-json\/wp\/v2\/media?parent=526"}],"curies":[{"name":"wp","href":"https:\/\/api.w.org\/{rel}","templated":true}]}}