{"id":551,"date":"2024-09-24T15:16:09","date_gmt":"2024-09-24T13:16:09","guid":{"rendered":"https:\/\/gisaqua.werbedrogerie.at\/?page_id=551"},"modified":"2026-04-22T09:49:36","modified_gmt":"2026-04-22T07:49:36","slug":"news","status":"publish","type":"page","link":"https:\/\/www.gisaqua.com\/en\/news\/","title":{"rendered":"News"},"content":{"rendered":"<h1>Always up to date<\/h1>\n<h1>gisaqua newS<\/h1>\n<h2>Follow us on Social Media<\/h2>\n<p><a href=\"https:\/\/www.facebook.com\/gisaquaaustria\/\" target=\"_blank\" rel=\"noopener\"><br \/>\nFacebook<br \/>\n<\/a><br \/>\n<a href=\"https:\/\/at.linkedin.com\/company\/gis-aqua-austria-gmbh\" target=\"_blank\" rel=\"noopener\"><br \/>\nLinkedin<br \/>\n<\/a><br \/>\n<a href=\"https:\/\/www.instagram.com\/explore\/locations\/1753458874881979\/gis-aqua-austria-gmbh\/\" target=\"_blank\" rel=\"noopener\"><br \/>\nInstagram<br \/>\n<\/a><\/p>\n<article><a href=\"https:\/\/www.gisaqua.com\/wp-admin\/post.php?post=3681&amp;action=edit&amp;classic-editor\" target=\"_blank\" rel=\"noopener\"><br \/>\nedit post<br \/>\n<\/a><a href=\"https:\/\/www.gisaqua.com\/en\/35-jahre-erfahrung-und-kein-bisschen-mude-neues-zu-lernen\/\" aria-label=\"35 Jahre Erfahrung \u2013 und kein bisschen m\u00fcde, Neues zu lernen!\"><br \/>\n<\/a><\/p>\n<h3><a href=\"https:\/\/www.gisaqua.com\/en\/35-jahre-erfahrung-und-kein-bisschen-mude-neues-zu-lernen\/\">35 Jahre Erfahrung \u2013 und kein bisschen m\u00fcde, Neues zu lernen!<\/a><\/h3>\n<p>29. Mai 2025<\/p>\n<p>Kurt ist seit unglaublichen 35 Jahren Teil der GIS Aqua \u2013 und er \u00fcberrascht uns immer wieder mit seinem Engagement,&#8230;<\/p>\n<p><a title=\"35 Jahre Erfahrung \u2013 und kein bisschen m\u00fcde, Neues zu lernen!\" href=\"https:\/\/www.gisaqua.com\/en\/35-jahre-erfahrung-und-kein-bisschen-mude-neues-zu-lernen\/\">mehr erfahren<\/a><\/p>\n<\/article>\n<article><a href=\"https:\/\/www.gisaqua.com\/wp-admin\/post.php?post=3672&amp;action=edit&amp;classic-editor\" target=\"_blank\" rel=\"noopener\"><br \/>\nedit post<br \/>\n<\/a><a href=\"https:\/\/www.gisaqua.com\/en\/sahel\/\" aria-label=\"Neue Wasseraufbereitungsanlage in Kala Kebira, Sahel (Tunesien): Ein wichtiger Schritt in Richtung nachhaltigem Wassermanagement\"><br \/>\n<\/a><\/p>\n<h3><a href=\"https:\/\/www.gisaqua.com\/en\/sahel\/\">Neue Wasseraufbereitungsanlage in Kala Kebira, Sahel (Tunesien): Ein wichtiger Schritt in Richtung nachhaltigem Wassermanagement<\/a><\/h3>\n<p>8. Mai 2025<\/p>\n<p>Die neue Wasseraufbereitungsanlage in Kala Kebira, gelegen in der Sahel-Region Tunesiens, ist ein bedeutendes Infrastrukturprojekt. Diese Anlage hat eine Kapazit\u00e4t&#8230;<\/p>\n<p><a title=\"Neue Wasseraufbereitungsanlage in Kala Kebira, Sahel (Tunesien): Ein wichtiger Schritt in Richtung nachhaltigem Wassermanagement\" href=\"https:\/\/www.gisaqua.com\/en\/sahel\/\">mehr erfahren<\/a><\/p>\n<\/article>\n<article><a href=\"https:\/\/www.gisaqua.com\/wp-admin\/post.php?post=3651&amp;action=edit&amp;classic-editor\" target=\"_blank\" rel=\"noopener\"><br \/>\nedit post<br \/>\n<\/a><a href=\"https:\/\/www.gisaqua.com\/en\/herzliche-gratulation-zur-bestandenen-lehrabschlussprufung-manuel\/\" aria-label=\"Herzliche Gratulation zur bestandenen Lehrabschlusspr\u00fcfung, Manuel!\"><br \/>\n<img fetchpriority=\"high\" decoding=\"async\" src=\"https:\/\/www.gisaqua.com\/wp-content\/uploads\/LAP_Gassner_202504-scaled.jpg\" sizes=\"auto, (max-width: 1920px) 100vw, 1920px\" srcset=\"https:\/\/www.gisaqua.com\/wp-content\/uploads\/LAP_Gassner_202504-scaled.jpg 1920w, https:\/\/www.gisaqua.com\/wp-content\/uploads\/LAP_Gassner_202504-225x300.jpg 225w, https:\/\/www.gisaqua.com\/wp-content\/uploads\/LAP_Gassner_202504-768x1024.jpg 768w, https:\/\/www.gisaqua.com\/wp-content\/uploads\/LAP_Gassner_202504-1152x1536.jpg 1152w, https:\/\/www.gisaqua.com\/wp-content\/uploads\/LAP_Gassner_202504-1536x2048.jpg 1536w, https:\/\/www.gisaqua.com\/wp-content\/uploads\/LAP_Gassner_202504-9x12.jpg 9w\" alt=\"\" width=\"1920\" height=\"2560\" \/><br \/>\n<\/a><\/p>\n<h3><a href=\"https:\/\/www.gisaqua.com\/en\/herzliche-gratulation-zur-bestandenen-lehrabschlussprufung-manuel\/\">Herzliche Gratulation zur bestandenen Lehrabschlusspr\u00fcfung, Manuel!<\/a><\/h3>\n<p>7. April 2025<\/p>\n<p>Mit ausgezeichnetem Erfolg hat Manuel seine Lehrabschlusspr\u00fcfung bestanden!\u00a0 Durch seinen Einsatz, seine Lernbereitschaft und seine Leidenschaft f\u00fcr Technik hat er&#8230;<\/p>\n<p><a title=\"Herzliche Gratulation zur bestandenen Lehrabschlusspr\u00fcfung, Manuel!\" href=\"https:\/\/www.gisaqua.com\/en\/herzliche-gratulation-zur-bestandenen-lehrabschlussprufung-manuel\/\">mehr erfahren<\/a><\/p>\n<\/article>\n<article><a href=\"https:\/\/www.gisaqua.com\/wp-admin\/post.php?post=3648&amp;action=edit&amp;classic-editor\" target=\"_blank\" rel=\"noopener\"><br \/>\nedit post<br \/>\n<\/a><a href=\"https:\/\/www.gisaqua.com\/en\/25-jahre-prazision-danke-herbert\/\" aria-label=\"25 Jahre Pr\u00e4zision \u2013 Danke, Herbert!\"><br \/>\n<img decoding=\"async\" src=\"https:\/\/www.gisaqua.com\/wp-content\/uploads\/25_DJ_TemperH.jpeg\" sizes=\"auto, (max-width: 1536px) 100vw, 1536px\" srcset=\"https:\/\/www.gisaqua.com\/wp-content\/uploads\/25_DJ_TemperH.jpeg 1536w, https:\/\/www.gisaqua.com\/wp-content\/uploads\/25_DJ_TemperH-225x300.jpeg 225w, https:\/\/www.gisaqua.com\/wp-content\/uploads\/25_DJ_TemperH-768x1024.jpeg 768w, https:\/\/www.gisaqua.com\/wp-content\/uploads\/25_DJ_TemperH-1152x1536.jpeg 1152w, https:\/\/www.gisaqua.com\/wp-content\/uploads\/25_DJ_TemperH-9x12.jpeg 9w\" alt=\"\" width=\"1536\" height=\"2048\" \/><br \/>\n<\/a><\/p>\n<h3><a href=\"https:\/\/www.gisaqua.com\/en\/25-jahre-prazision-danke-herbert\/\">25 Jahre Pr\u00e4zision \u2013 Danke, Herbert!<\/a><\/h3>\n<p>13. Januar 2025<\/p>\n<p>Wir gratulieren unserem Kollegen Herbert Temper herzlich zum 25-j\u00e4hrigen Dienstjubil\u00e4um! Seit einem Vierteljahrhundert steht Herbert als erfahrener Dreher f\u00fcr h\u00f6chste&#8230;<\/p>\n<p><a title=\"25 Jahre Pr\u00e4zision \u2013 Danke, Herbert!\" href=\"https:\/\/www.gisaqua.com\/en\/25-jahre-prazision-danke-herbert\/\">mehr erfahren<\/a><\/p>\n<\/article>\n<article><a href=\"https:\/\/www.gisaqua.com\/wp-admin\/post.php?post=3645&amp;action=edit&amp;classic-editor\" target=\"_blank\" rel=\"noopener\"><br \/>\nedit post<br \/>\n<\/a><a href=\"https:\/\/www.gisaqua.com\/en\/abschluss-des-ausbaus-der-klaranlage-zwettl\/\" aria-label=\"Abschluss des Ausbaus der Kl\u00e4ranlage Zwettl\"><br \/>\n<img decoding=\"async\" src=\"https:\/\/www.gisaqua.com\/wp-content\/uploads\/DJI_0458_300dpi-scaled.jpg\" sizes=\"auto, (max-width: 2560px) 100vw, 2560px\" srcset=\"https:\/\/www.gisaqua.com\/wp-content\/uploads\/DJI_0458_300dpi-scaled.jpg 2560w, https:\/\/www.gisaqua.com\/wp-content\/uploads\/DJI_0458_300dpi-300x200.jpg 300w, https:\/\/www.gisaqua.com\/wp-content\/uploads\/DJI_0458_300dpi-1024x683.jpg 1024w, https:\/\/www.gisaqua.com\/wp-content\/uploads\/DJI_0458_300dpi-768x512.jpg 768w, https:\/\/www.gisaqua.com\/wp-content\/uploads\/DJI_0458_300dpi-1536x1024.jpg 1536w, https:\/\/www.gisaqua.com\/wp-content\/uploads\/DJI_0458_300dpi-2048x1365.jpg 2048w, https:\/\/www.gisaqua.com\/wp-content\/uploads\/DJI_0458_300dpi-18x12.jpg 18w\" alt=\"\" width=\"2560\" height=\"1707\" \/><br \/>\n<\/a><\/p>\n<h3><a href=\"https:\/\/www.gisaqua.com\/en\/abschluss-des-ausbaus-der-klaranlage-zwettl\/\">Abschluss des Ausbaus der Kl\u00e4ranlage Zwettl<\/a><\/h3>\n<p>4. November 2024<\/p>\n<p>Im November 2024 konnte der erfolgreiche Abschluss des Ausbaus der Kl\u00e4ranlage Zwettl nach rund 1,5 Jahren Bauzeit verzeichnet werden. In&#8230;<\/p>\n<p><a title=\"Abschluss des Ausbaus der Kl\u00e4ranlage Zwettl\" href=\"https:\/\/www.gisaqua.com\/en\/abschluss-des-ausbaus-der-klaranlage-zwettl\/\">mehr erfahren<\/a><\/p>\n<\/article>\n<article><a href=\"https:\/\/www.gisaqua.com\/wp-admin\/post.php?post=3654&amp;action=edit&amp;classic-editor\" target=\"_blank\" rel=\"noopener\"><br \/>\nedit post<br \/>\n<\/a><a href=\"https:\/\/www.gisaqua.com\/en\/abwasserbehandlungsanlage-in-metkovic-kurz-vor-dem-abschluss-2\/\" aria-label=\"Abwasserbehandlungsanlage in Metkovi\u0107 kurz vor dem Abschluss\"><br \/>\n<img loading=\"lazy\" decoding=\"async\" src=\"https:\/\/www.gisaqua.com\/wp-content\/uploads\/IMG-20241108-WA0040.jpg\" sizes=\"auto, (max-width: 1600px) 100vw, 1600px\" srcset=\"https:\/\/www.gisaqua.com\/wp-content\/uploads\/IMG-20241108-WA0040.jpg 1600w, https:\/\/www.gisaqua.com\/wp-content\/uploads\/IMG-20241108-WA0040-300x225.jpg 300w, https:\/\/www.gisaqua.com\/wp-content\/uploads\/IMG-20241108-WA0040-1024x767.jpg 1024w, https:\/\/www.gisaqua.com\/wp-content\/uploads\/IMG-20241108-WA0040-768x575.jpg 768w, https:\/\/www.gisaqua.com\/wp-content\/uploads\/IMG-20241108-WA0040-1536x1150.jpg 1536w, https:\/\/www.gisaqua.com\/wp-content\/uploads\/IMG-20241108-WA0040-16x12.jpg 16w\" alt=\"\" width=\"1600\" height=\"1198\" \/><br \/>\n<\/a><\/p>\n<h3><a href=\"https:\/\/www.gisaqua.com\/en\/abwasserbehandlungsanlage-in-metkovic-kurz-vor-dem-abschluss-2\/\">Abwasserbehandlungsanlage in Metkovi\u0107 kurz vor dem Abschluss<\/a><\/h3>\n<p>9. September 2024<\/p>\n<p>Ein bedeutender Meilenstein ist erreicht: Die Bauarbeiten an der Abwasserbehandlungsanlage in Metkovi\u0107 sind erfolgreich abgeschlossen! Aktuell startet die Anlage in&#8230;<\/p>\n<p><a title=\"Abwasserbehandlungsanlage in Metkovi\u0107 kurz vor dem Abschluss\" href=\"https:\/\/www.gisaqua.com\/en\/abwasserbehandlungsanlage-in-metkovic-kurz-vor-dem-abschluss-2\/\">mehr erfahren<\/a><\/p>\n<\/article>\n<article><a href=\"https:\/\/www.gisaqua.com\/wp-admin\/post.php?post=567&amp;action=edit&amp;classic-editor\" target=\"_blank\" rel=\"noopener\"><br \/>\nedit post<br \/>\n<\/a><a href=\"https:\/\/www.gisaqua.com\/en\/test\/\" aria-label=\"IFAT \u2013 Weltleitmesse f\u00fcr Umwelttechnologien in M\u00fcnchen\"><br \/>\n<img loading=\"lazy\" decoding=\"async\" src=\"https:\/\/www.gisaqua.com\/wp-content\/uploads\/2024\/09\/GIS-Aqua-Banner.png\" sizes=\"auto, (max-width: 1080px) 100vw, 1080px\" srcset=\"https:\/\/www.gisaqua.com\/wp-content\/uploads\/2024\/09\/GIS-Aqua-Banner.png 1080w, https:\/\/www.gisaqua.com\/wp-content\/uploads\/2024\/09\/GIS-Aqua-Banner-300x300.png 300w, https:\/\/www.gisaqua.com\/wp-content\/uploads\/2024\/09\/GIS-Aqua-Banner-1024x1024.png 1024w, https:\/\/www.gisaqua.com\/wp-content\/uploads\/2024\/09\/GIS-Aqua-Banner-150x150.png 150w, https:\/\/www.gisaqua.com\/wp-content\/uploads\/2024\/09\/GIS-Aqua-Banner-768x768.png 768w\" alt=\"\" width=\"1080\" height=\"1080\" \/><br \/>\n<\/a><\/p>\n<h3><a href=\"https:\/\/www.gisaqua.com\/en\/test\/\">IFAT \u2013 Weltleitmesse f\u00fcr Umwelttechnologien in M\u00fcnchen<\/a><\/h3>\n<p>12. April 2024<\/p>\n<p>BESUCHEN SIE UNS IN DER HALLE A4 AM MESSESTAND 133\/232 Die diesj\u00e4hrige\u00a0IFAT\u00a0findet von 13.05. bis 17.05.2024 in M\u00fcnchen statt. Wir&#8230;<\/p>\n<p><a title=\"IFAT \u2013 Weltleitmesse f\u00fcr Umwelttechnologien in M\u00fcnchen\" href=\"https:\/\/www.gisaqua.com\/en\/test\/\">mehr erfahren<\/a><\/p>\n<\/article>\n<article><a href=\"https:\/\/www.gisaqua.com\/wp-admin\/post.php?post=146&amp;action=edit&amp;classic-editor\" target=\"_blank\" rel=\"noopener\"><br \/>\nedit post<br \/>\n<\/a><a href=\"https:\/\/www.gisaqua.com\/en\/wifi-noe-jugend-schweiss-master-2023\/\" aria-label=\"Feierliche Er\u00f6ffnung der Wasseraufbereitungsanlage in Kef Eddir \/ Algerien\"><br \/>\n<img loading=\"lazy\" decoding=\"async\" src=\"https:\/\/www.gisaqua.com\/wp-content\/uploads\/2024\/04\/20231101_121822-1536x747-1.jpg\" sizes=\"auto, (max-width: 1536px) 100vw, 1536px\" srcset=\"https:\/\/www.gisaqua.com\/wp-content\/uploads\/2024\/04\/20231101_121822-1536x747-1.jpg 1536w, https:\/\/www.gisaqua.com\/wp-content\/uploads\/2024\/04\/20231101_121822-1536x747-1-300x146.jpg 300w, https:\/\/www.gisaqua.com\/wp-content\/uploads\/2024\/04\/20231101_121822-1536x747-1-1024x498.jpg 1024w, https:\/\/www.gisaqua.com\/wp-content\/uploads\/2024\/04\/20231101_121822-1536x747-1-768x374.jpg 768w\" alt=\"\" width=\"1536\" height=\"747\" \/><br \/>\n<\/a><\/p>\n<h3><a href=\"https:\/\/www.gisaqua.com\/en\/wifi-noe-jugend-schweiss-master-2023\/\">Feierliche Er\u00f6ffnung der Wasseraufbereitungsanlage in Kef Eddir \/ Algerien<\/a><\/h3>\n<p>1. Dezember 2023<\/p>\n<p>Am 01. November 2023 fand die feierliche Er\u00f6ffnung der Wasseraufbereitungsanlage in Kef Eddir \/ Algerien statt. Um den dringenden Bedarf&#8230;<\/p>\n<p><a title=\"Feierliche Er\u00f6ffnung der Wasseraufbereitungsanlage in Kef Eddir \/ Algerien\" href=\"https:\/\/www.gisaqua.com\/en\/wifi-noe-jugend-schweiss-master-2023\/\">mehr erfahren<\/a><\/p>\n<\/article>\n<article><a href=\"https:\/\/www.gisaqua.com\/wp-admin\/post.php?post=1&amp;action=edit&amp;classic-editor\" target=\"_blank\" rel=\"noopener\"><br \/>\nedit post<br \/>\n<\/a><a href=\"https:\/\/www.gisaqua.com\/en\/hallo-welt\/\" aria-label=\"WIFI N\u00d6 Jugend-Schwei\u00df-Master 2023\"><br \/>\n<img loading=\"lazy\" decoding=\"async\" src=\"https:\/\/www.gisaqua.com\/wp-content\/uploads\/2024\/04\/jsm_2023-1536x2048-1.jpg\" sizes=\"auto, (max-width: 1536px) 100vw, 1536px\" srcset=\"https:\/\/www.gisaqua.com\/wp-content\/uploads\/2024\/04\/jsm_2023-1536x2048-1.jpg 1536w, https:\/\/www.gisaqua.com\/wp-content\/uploads\/2024\/04\/jsm_2023-1536x2048-1-225x300.jpg 225w, https:\/\/www.gisaqua.com\/wp-content\/uploads\/2024\/04\/jsm_2023-1536x2048-1-768x1024.jpg 768w, https:\/\/www.gisaqua.com\/wp-content\/uploads\/2024\/04\/jsm_2023-1536x2048-1-1152x1536.jpg 1152w\" alt=\"\" width=\"1536\" height=\"2048\" \/><br \/>\n<\/a><\/p>\n<h3><a href=\"https:\/\/www.gisaqua.com\/en\/hallo-welt\/\">WIFI N\u00d6 Jugend-Schwei\u00df-Master 2023<\/a><\/h3>\n<p>3. November 2023<\/p>\n<p>Alle Teilnehmer, die sich am 01. September 2023 beim Vorausscheid qualifiziert haben, durften am Freitag, 20. Oktober 2023, beim Hauptbewerb&#8230;<\/p>\n<p><a title=\"WIFI N\u00d6 Jugend-Schwei\u00df-Master 2023\" href=\"https:\/\/www.gisaqua.com\/en\/hallo-welt\/\">mehr erfahren<\/a><\/p>\n<\/article>\n<article><a href=\"https:\/\/www.gisaqua.com\/wp-admin\/post.php?post=578&amp;action=edit&amp;classic-editor\" target=\"_blank\" rel=\"noopener\"><br \/>\nedit post<br \/>\n<\/a><a href=\"https:\/\/www.gisaqua.com\/en\/gis-aqua-erhaelt-grossauftrag-in-zwettl\/\" aria-label=\"GIS AQUA ERH\u00c4LT GROSSAUFTRAG IN ZWETTL\"><br \/>\n<img loading=\"lazy\" decoding=\"async\" src=\"https:\/\/www.gisaqua.com\/wp-content\/uploads\/2024\/09\/news_zwettl-1536x1152-1.jpg\" sizes=\"auto, (max-width: 1536px) 100vw, 1536px\" srcset=\"https:\/\/www.gisaqua.com\/wp-content\/uploads\/2024\/09\/news_zwettl-1536x1152-1.jpg 1536w, https:\/\/www.gisaqua.com\/wp-content\/uploads\/2024\/09\/news_zwettl-1536x1152-1-300x225.jpg 300w, https:\/\/www.gisaqua.com\/wp-content\/uploads\/2024\/09\/news_zwettl-1536x1152-1-1024x768.jpg 1024w, https:\/\/www.gisaqua.com\/wp-content\/uploads\/2024\/09\/news_zwettl-1536x1152-1-768x576.jpg 768w\" alt=\"\" width=\"1536\" height=\"1152\" \/><br \/>\n<\/a><\/p>\n<h3><a href=\"https:\/\/www.gisaqua.com\/en\/gis-aqua-erhaelt-grossauftrag-in-zwettl\/\">GIS AQUA ERH\u00c4LT GROSSAUFTRAG IN ZWETTL<\/a><\/h3>\n<p>4. Juli 2023<\/p>\n<p>Im Juni 2023 wurde GIS Aqua mit der Lieferung und Montage der maschinellen Ausr\u00fcstung f\u00fcr den Umbau der Hauptkl\u00e4ranlage in&#8230;<\/p>\n<p><a title=\"GIS AQUA ERH\u00c4LT GROSSAUFTRAG IN ZWETTL\" href=\"https:\/\/www.gisaqua.com\/en\/gis-aqua-erhaelt-grossauftrag-in-zwettl\/\">mehr erfahren<\/a><\/p>\n<\/article>","protected":false},"excerpt":{"rendered":"<p>immer aktuell gisaqua newS Folgen Sie uns auch auf Social Media Facebook Linkedin Instagram edit post 35 Jahre Erfahrung \u2013 und kein bisschen m\u00fcde, Neues zu lernen! 29. Mai 2025 Kurt ist seit unglaublichen 35 Jahren Teil der GIS Aqua \u2013 und er \u00fcberrascht uns immer wieder mit seinem Engagement,&#8230; mehr erfahren edit post Neue [&hellip;]<\/p>\n","protected":false},"author":1,"featured_media":0,"parent":0,"menu_order":0,"comment_status":"closed","ping_status":"closed","template":"","meta":{"_acf_changed":false,"footnotes":""},"class_list":["post-551","page","type-page","status-publish","hentry"],"acf":[],"_links":{"self":[{"href":"https:\/\/www.gisaqua.com\/en\/wp-json\/wp\/v2\/pages\/551","targetHints":{"allow":["GET"]}}],"collection":[{"href":"https:\/\/www.gisaqua.com\/en\/wp-json\/wp\/v2\/pages"}],"about":[{"href":"https:\/\/www.gisaqua.com\/en\/wp-json\/wp\/v2\/types\/page"}],"author":[{"embeddable":true,"href":"https:\/\/www.gisaqua.com\/en\/wp-json\/wp\/v2\/users\/1"}],"replies":[{"embeddable":true,"href":"https:\/\/www.gisaqua.com\/en\/wp-json\/wp\/v2\/comments?post=551"}],"version-history":[{"count":102,"href":"https:\/\/www.gisaqua.com\/en\/wp-json\/wp\/v2\/pages\/551\/revisions"}],"predecessor-version":[{"id":4127,"href":"https:\/\/www.gisaqua.com\/en\/wp-json\/wp\/v2\/pages\/551\/revisions\/4127"}],"wp:attachment":[{"href":"https:\/\/www.gisaqua.com\/en\/wp-json\/wp\/v2\/media?parent=551"}],"curies":[{"name":"wp","href":"https:\/\/api.w.org\/{rel}","templated":true}]}}